{"id":36,"date":"2023-06-08T20:42:17","date_gmt":"2023-06-08T20:42:17","guid":{"rendered":"https:\/\/bistue.es\/?page_id=36"},"modified":"2025-08-16T12:02:27","modified_gmt":"2025-08-16T12:02:27","slug":"servicios-periciales-tecnicos","status":"publish","type":"page","link":"https:\/\/bistue.es\/index.php\/servicios-periciales-tecnicos\/","title":{"rendered":"Servicios periciales t\u00e9cnicos"},"content":{"rendered":"\n<p>En un mundo d\u00f3nde es tan importante conocer el porqu\u00e9 de las cosas,<br>conocer como ha sucedido un hecho o simplemente conocer el valor de unos bienes se hace indispensable de disponer de un servicio de peritaci\u00f3n y tasaci\u00f3n ingenieril capaz de dar soluci\u00f3n a sus problemas. Nuestros servicios incluyen peritaciones de todo tipo mec\u00e1nico, desplazamiento al lugar de los hechos y eventual asistencia a acto judicial.<\/p>\n\n\n\n<h2 class=\"wp-block-heading\">Accidentes de Tr\u00e1nsito<\/h2>\n\n\n\n<div class=\"wp-block-columns is-layout-flex wp-container-core-columns-is-layout-9d6595d7 wp-block-columns-is-layout-flex\">\n<div class=\"wp-block-column is-layout-flow wp-block-column-is-layout-flow\">\n<p>Un accidente de tr\u00e1nsito es cualquier suceso eventual fuera de lo que es la circulaci\u00f3n normal de veh\u00edculos en que haya implicados por lo menos un veh\u00edculo. Normalmente hay da\u00f1os personales y\/o materiales.<br>Se elabora un informe mec\u00e1nico en que se explicas las causas del accidente y su din\u00e1mica de producci\u00f3n. Para elaborarlo se requiere la observaci\u00f3n visual del lugar del accidente, de los veh\u00edculos implicados y una exhaustiva recogida de datos para ello nos ayudamos del relato de los testigos y de documentaci\u00f3n adicional, como atestados, partes de accidentes y bases de datos especializadas. Adem\u00e1s utilizamos software de simulaci\u00f3n especializada que permiten obtener resultados \u00f3ptimos.<\/p>\n<\/div>\n\n\n\n<div class=\"wp-block-column is-vertically-aligned-center is-layout-flow wp-block-column-is-layout-flow\">\n<figure class=\"wp-block-image size-full\"><img loading=\"lazy\" decoding=\"async\" width=\"2560\" height=\"1707\" src=\"https:\/\/bistue.es\/wp-content\/uploads\/2025\/08\/agente-de-seguros-trabajando-en-el-proceso-de-reclamo-de-accidente-de-coche-scaled.jpg\" alt=\"\" class=\"wp-image-76\" srcset=\"https:\/\/bistue.es\/wp-content\/uploads\/2025\/08\/agente-de-seguros-trabajando-en-el-proceso-de-reclamo-de-accidente-de-coche-scaled.jpg 2560w, https:\/\/bistue.es\/wp-content\/uploads\/2025\/08\/agente-de-seguros-trabajando-en-el-proceso-de-reclamo-de-accidente-de-coche-300x200.jpg 300w\" sizes=\"auto, (max-width: 2560px) 100vw, 2560px\" \/><\/figure>\n<\/div>\n<\/div>\n\n\n\n<h2 class=\"wp-block-heading\">Accidentes en la industria<\/h2>\n\n\n\n<p>Pericial en que se investigan las causas del accidente y se tasan los da\u00f1os ocasionados. Por el nombre, este tipo de estudio se presta a confusi\u00f3n con los informes de reconstrucci\u00f3n de accidentes o con los de prevenci\u00f3n de riesgos laborales; no obstante el rasgo diferencial es que en los anteriores, los accidentes los sufren personas y en la investigaci\u00f3n de un accidente industrial se valoran los da\u00f1os sobe maquinaria e instalaciones. Tambi\u00e9n incluye la investigaci\u00f3n de la causa del accidente.<\/p>\n\n\n\n<h2 class=\"wp-block-heading\">Riesgos industriales<\/h2>\n\n\n\n<div class=\"wp-block-columns is-layout-flex wp-container-core-columns-is-layout-9d6595d7 wp-block-columns-is-layout-flex\">\n<div class=\"wp-block-column is-vertically-aligned-center is-layout-flow wp-block-column-is-layout-flow\">\n<figure class=\"wp-block-image size-full is-resized\"><img loading=\"lazy\" decoding=\"async\" width=\"400\" height=\"282\" src=\"https:\/\/bistue.es\/wp-content\/uploads\/2023\/06\/IndRisk.jpg\" alt=\"\" class=\"wp-image-10\" style=\"width:479px;height:auto\" srcset=\"https:\/\/bistue.es\/wp-content\/uploads\/2023\/06\/IndRisk.jpg 400w, https:\/\/bistue.es\/wp-content\/uploads\/2023\/06\/IndRisk-300x212.jpg 300w\" sizes=\"auto, (max-width: 400px) 100vw, 400px\" \/><\/figure>\n<\/div>\n\n\n\n<div class=\"wp-block-column is-vertically-aligned-center is-layout-flow wp-block-column-is-layout-flow\">\n<p>Evaluaci\u00f3n de los riesgos que puede padecer una empresa\/ind\u00fastria en su actividad diaria frente a distintos sucesos:<\/p>\n\n\n\n<ul class=\"wp-block-list\">\n<li>Corte del suministro el\u00e9ctrico<\/li>\n\n\n\n<li>Corte del suministro de agua<\/li>\n\n\n\n<li>Corte de otros suministros (gas He, CO2, Arg\u00f3n)<\/li>\n\n\n\n<li>Evaluaci\u00f3n de cargas en m\u00e1quinas a fin de evitar colapso estructural<\/li>\n\n\n\n<li>Riesgo de incendio<\/li>\n\n\n\n<li>Riesgo frente a inundaciones, terremotos<\/li>\n\n\n\n<li>Evaluaci\u00f3n de automatismos de seguridad activa<\/li>\n\n\n\n<li>Evaluaci\u00f3n de seguridad pasiva<\/li>\n\n\n\n<li>Planes de actuaci\u00f3n frente a incidentes o accidentes<\/li>\n<\/ul>\n<\/div>\n<\/div>\n\n\n\n<h2 class=\"wp-block-heading\">Riesgos laborales<\/h2>\n\n\n\n<p>La prevenci\u00f3n de riesgos laborales es un tema de especial inter\u00e9s para las empresas, tanto las que disponen de maquinaria, como las que manipulan productos potencialmente peligrosos u otras, pero toda empresa debe de ser consciente del riesgo que conlleva una determinada actividad. En el momento actual, con una normativa que constantemente se actualiza, es necesario que toda empresa tenga un plan actualizado de prevenci\u00f3n de riesgos laborales. Nosotros ofrecemos la redacci\u00f3n de un plan de prevenci\u00f3n de riesgos laborales a todas las escalas de la empresa, desde el detalle m\u00e1s peque\u00f1o, como la manipulaci\u00f3n de herramientas y maquinaria hasta los planes de evacuaci\u00f3n de una planta en caso de accidentes.<br>Para elaborar estos planes estudiamos cada empresa en particular cada empresa en particular, su ubicaci\u00f3n, su actividad econ\u00f3mica, n\u00famero de trabajadores y su cualificaci\u00f3n entre otros aspectos. En materia de prevenci\u00f3n de riesgos laborales recomendamos rebasar los m\u00ednimos exigidos en la normativa, ya que se reduce a\u00fan m\u00e1s el peligro de accidentes y el mismo plan es m\u00e1s duradero sin necesidad de revisar y modificar a\u00f1o tras a\u00f1o.<\/p>\n\n\n\n<h2 class=\"wp-block-heading\">Profesiogama<\/h2>\n\n\n\n<p>Es un documento que expone las tareas y caracter\u00edsticas y conocimientos necesarios para realizar una actividad laboral, que adem\u00e1s incluye la carga f\u00edsica y mental del trabajo con una descripci\u00f3n detallada de cada tarea, tiempo dedicado a cada una de ellas y un perfil del trabajador ideal para un determinado trabajo. Este profesiograma puede ser utilizado por empresas que requieren la contrataci\u00f3n y evaluaci\u00f3n de personal; tambi\u00e9n se utilizan para informar a los trabajadores de las tareas para las que se les requiere,<br>como medida de protecci\u00f3n tanto para el empresario como para el trabajador.<\/p>\n\n\n\n<h2 class=\"wp-block-heading\">Peritaciones biomec\u00e1nicas<\/h2>\n\n\n\n<div class=\"wp-block-columns is-layout-flex wp-container-core-columns-is-layout-9d6595d7 wp-block-columns-is-layout-flex\">\n<div class=\"wp-block-column is-vertically-aligned-center is-layout-flow wp-block-column-is-layout-flow\">\n<p>Este tipo de informes se elaboran a partir del conocimiento de las lesiones de los implicados en el accidente y tiene la finalidad de estimar el mecanismo por el que se ha producido el accidente. Un informe m\u00e9dico explica dos cosas: las lesiones que una persona presenta y las implicaciones que esta lesi\u00f3n tiene en la vida laboral y personal del lesionado. El informe biomec\u00e1nico describe la din\u00e1mica del accidente, es decir, describe la mec\u00e1nica de producci\u00f3n del accidente y establece relaci\u00f3n de causalidad entre el mecanismo del accidente y las lesiones de los afectados, mediante el c\u00e1lculo de fuerzas y energ\u00edas. Pongamos un ejemplo: en un accidente de tr\u00e1fico, un estudio mec\u00e1nico explicar\u00e1 la velocidad de los veh\u00edculos implicados, recoger\u00e1 datos sobre deformaciones y da\u00f1os del veh\u00edculo y con esta informaci\u00f3n se elaborar\u00e1 un informe de la din\u00e1mica del accidente y las<br>causas del mismo; en cambio un informe biomec\u00e1nico, se basa en el informe mec\u00e1nico y el informe m\u00e9dico y es capaz de reconstruir el movimiento de los pasajeros dentro del veh\u00edculo para explicar las lesiones producidas. Este tipo de informes nunca se presenta solo, se acompa\u00f1a de los informes mec\u00e1nico y m\u00e9dico en los que se basa.<\/p>\n<\/div>\n\n\n\n<div class=\"wp-block-column is-vertically-aligned-center is-layout-flow wp-block-column-is-layout-flow\">\n<figure class=\"wp-block-image size-full is-resized\"><img loading=\"lazy\" decoding=\"async\" width=\"266\" height=\"306\" src=\"https:\/\/bistue.es\/wp-content\/uploads\/2023\/06\/BioMec.jpg\" alt=\"\" class=\"wp-image-17\" style=\"width:421px;height:auto\" srcset=\"https:\/\/bistue.es\/wp-content\/uploads\/2023\/06\/BioMec.jpg 266w, https:\/\/bistue.es\/wp-content\/uploads\/2023\/06\/BioMec-261x300.jpg 261w\" sizes=\"auto, (max-width: 266px) 100vw, 266px\" \/><\/figure>\n<\/div>\n<\/div>\n\n\n\n<h2 class=\"wp-block-heading\">Tasaciones<\/h2>\n\n\n\n<p>Tasar es poner precio a un bien. Es importante tasar correctamente un bien, especialmente aquellos bienes de alto coste econ\u00f3mico. En el caso de maquinarias y veh\u00edculos autopropulsados una correcta tasaci\u00f3n t\u00e9cnica incluye un listado completo de los componentes del veh\u00edculo o m\u00e1quina, su antig\u00fcedad, su historial de reparaciones, su estado actual y las posibles reparaciones necesarias en un futuro inmediato.<br>En las tasaciones de un terreno hay que contemplar planes urban\u00edsticos del ayuntamiento al que pertenece el terreno objeto de tasaci\u00f3n, los usos posibles, la situaci\u00f3n, el suelo, las instalaciones el\u00e9ctricas y de agua y los accesos.<br>Tasar correctamente un bien es importante porqu\u00e9 el vendedor debe obtener un beneficio justo y el comprador no debe pagar un bien por encima de su valor.<br>Realizamos tasaciones de:<\/p>\n\n\n\n<ul class=\"wp-block-list\">\n<li>Veh\u00edculos autom\u00f3viles, camiones, motocicletas y autobuses<\/li>\n\n\n\n<li>Embarcaciones: recreo, pesca, carga<\/li>\n\n\n\n<li>Veh\u00edculos a\u00e9reos: recreo, deportivos, comercial, carga<\/li>\n\n\n\n<li>Instalaciones<\/li>\n\n\n\n<li>Maquinaria industrial<\/li>\n\n\n\n<li>Terrenos, industrias, viviendas, obras<\/li>\n\n\n\n<li>Tasaciones venales<\/li>\n<\/ul>\n","protected":false},"excerpt":{"rendered":"<p>En un mundo d\u00f3nde es tan importante conocer el porqu\u00e9 de las cosas,conocer como ha sucedido un hecho o simplemente conocer el valor de unos bienes se hace indispensable de&hellip;<a href=\"https:\/\/bistue.es\/index.php\/servicios-periciales-tecnicos\/\" class=\"more-link\"><span class=\"more-button\">Continue reading<span class=\"screen-reader-text\">Servicios periciales t\u00e9cnicos<\/span><\/span><\/a><\/p>\n","protected":false},"author":1,"featured_media":0,"parent":0,"menu_order":0,"comment_status":"closed","ping_status":"closed","template":"","meta":{"footnotes":""},"class_list":["post-36","page","type-page","status-publish","hentry"],"_links":{"self":[{"href":"https:\/\/bistue.es\/index.php\/wp-json\/wp\/v2\/pages\/36","targetHints":{"allow":["GET"]}}],"collection":[{"href":"https:\/\/bistue.es\/index.php\/wp-json\/wp\/v2\/pages"}],"about":[{"href":"https:\/\/bistue.es\/index.php\/wp-json\/wp\/v2\/types\/page"}],"author":[{"embeddable":true,"href":"https:\/\/bistue.es\/index.php\/wp-json\/wp\/v2\/users\/1"}],"replies":[{"embeddable":true,"href":"https:\/\/bistue.es\/index.php\/wp-json\/wp\/v2\/comments?post=36"}],"version-history":[{"count":5,"href":"https:\/\/bistue.es\/index.php\/wp-json\/wp\/v2\/pages\/36\/revisions"}],"predecessor-version":[{"id":82,"href":"https:\/\/bistue.es\/index.php\/wp-json\/wp\/v2\/pages\/36\/revisions\/82"}],"wp:attachment":[{"href":"https:\/\/bistue.es\/index.php\/wp-json\/wp\/v2\/media?parent=36"}],"curies":[{"name":"wp","href":"https:\/\/api.w.org\/{rel}","templated":true}]}}