{"id":5,"date":"2023-06-08T18:26:55","date_gmt":"2023-06-08T18:26:55","guid":{"rendered":"https:\/\/bistue.es\/?page_id=5"},"modified":"2024-08-19T21:59:07","modified_gmt":"2024-08-19T21:59:07","slug":"presentacion","status":"publish","type":"page","link":"https:\/\/bistue.es\/","title":{"rendered":"Presentaci\u00f3n"},"content":{"rendered":"\n<p>En la Asesoria pericial Bistu\u00e9 le ofrecemos nuestros servicios periciales.<br>Estamos especializados en informes m\u00e9dicos para incapacidades, minusvalias, malas praxis y medicina del deporte. Realizamos tambi\u00e9n informes t\u00e9cnicos de reconstrucci\u00f3n de accidentes, tasacion de bienes y profesiogramas. Realizamos informes periciales y asistimos a juicio si es necesario. Trabajamos en todo Catalunya.<\/p>\n\n\n\n<p>En la asesoria pericial Bistu\u00e9 tenemos la misi\u00f3n de dar respuesta r\u00e1pida y precisa a toda cuesti\u00f3n en el \u00e1mbito de la pericial m\u00e9dica y t\u00e9cnica. Nuestros profesionales son de compet\u00e9ncia provada i le atender\u00e1n de modo que no deber\u00e1 preocuparse de ninguna eventualidad. Deje-lo en nuestras manos.<br>Queremos ser una empresa de referencia en el \u00e1mbito de la pericial en la zona de Catalunya. Para alcanzar este punto centramos nuestra atenci\u00f3n en el cliente: No trabajamos s\u00f3lo con servicios y productos, sin\u00f3 que trabajamos con personas. Nuestra mejor publicidad, un cliente satisfecho.<\/p>\n","protected":false},"excerpt":{"rendered":"<p>En la Asesoria pericial Bistu\u00e9 le ofrecemos nuestros servicios periciales.Estamos especializados en informes m\u00e9dicos para incapacidades, minusvalias, malas praxis y medicina del deporte. Realizamos tambi\u00e9n informes t\u00e9cnicos de reconstrucci\u00f3n de&hellip;<a href=\"https:\/\/bistue.es\/\" class=\"more-link\"><span class=\"more-button\">Continue reading<span class=\"screen-reader-text\">Presentaci\u00f3n<\/span><\/span><\/a><\/p>\n","protected":false},"author":1,"featured_media":0,"parent":0,"menu_order":0,"comment_status":"closed","ping_status":"closed","template":"","meta":{"footnotes":""},"class_list":["post-5","page","type-page","status-publish","hentry"],"_links":{"self":[{"href":"https:\/\/bistue.es\/index.php\/wp-json\/wp\/v2\/pages\/5","targetHints":{"allow":["GET"]}}],"collection":[{"href":"https:\/\/bistue.es\/index.php\/wp-json\/wp\/v2\/pages"}],"about":[{"href":"https:\/\/bistue.es\/index.php\/wp-json\/wp\/v2\/types\/page"}],"author":[{"embeddable":true,"href":"https:\/\/bistue.es\/index.php\/wp-json\/wp\/v2\/users\/1"}],"replies":[{"embeddable":true,"href":"https:\/\/bistue.es\/index.php\/wp-json\/wp\/v2\/comments?post=5"}],"version-history":[{"count":3,"href":"https:\/\/bistue.es\/index.php\/wp-json\/wp\/v2\/pages\/5\/revisions"}],"predecessor-version":[{"id":73,"href":"https:\/\/bistue.es\/index.php\/wp-json\/wp\/v2\/pages\/5\/revisions\/73"}],"wp:attachment":[{"href":"https:\/\/bistue.es\/index.php\/wp-json\/wp\/v2\/media?parent=5"}],"curies":[{"name":"wp","href":"https:\/\/api.w.org\/{rel}","templated":true}]}}