{"id":7,"date":"2023-06-08T18:30:00","date_gmt":"2023-06-08T18:30:00","guid":{"rendered":"https:\/\/bistue.es\/?page_id=7"},"modified":"2023-06-08T20:30:52","modified_gmt":"2023-06-08T20:30:52","slug":"quienes-somos","status":"publish","type":"page","link":"https:\/\/bistue.es\/index.php\/quienes-somos\/","title":{"rendered":"Qui\u00e9nes somos"},"content":{"rendered":"\n<h2 class=\"wp-block-heading\">Merc\u00e8 Bistu\u00e9<\/h2>\n\n\n\n<div class=\"wp-block-columns is-layout-flex wp-container-core-columns-is-layout-9d6595d7 wp-block-columns-is-layout-flex\">\n<div class=\"wp-block-column is-layout-flow wp-block-column-is-layout-flow\" style=\"flex-basis:33.33%\">\n<figure class=\"wp-block-image size-full is-resized\"><img loading=\"lazy\" decoding=\"async\" src=\"https:\/\/bistue.es\/wp-content\/uploads\/2023\/06\/MBistue.jpg\" alt=\"\" class=\"wp-image-13\" width=\"319\" height=\"319\" srcset=\"https:\/\/bistue.es\/wp-content\/uploads\/2023\/06\/MBistue.jpg 180w, https:\/\/bistue.es\/wp-content\/uploads\/2023\/06\/MBistue-150x150.jpg 150w\" sizes=\"auto, (max-width: 319px) 100vw, 319px\" \/><\/figure>\n<\/div>\n\n\n\n<div class=\"wp-block-column is-layout-flow wp-block-column-is-layout-flow\" style=\"flex-basis:66.66%\">\n<p>La doctora Mercedes Bistu\u00e9 es la responsable del \u00e1rea m\u00e9dico-legal. Es perito medico independiente, colegiada en el colegio oficial de m\u00e9dicos de Barcelona (COMB) con una experiencia de m\u00e1s de 15 a\u00f1os en los juzgados. Las titulaciones que avalan su experiencia son:<\/p>\n\n\n\n<ul class=\"wp-block-list\">\n<li>Licenciada en medicina i cirug\u00eda por la Universidad de Barcelona<\/li>\n\n\n\n<li>Doctora en medicina i cirug\u00eda por la universidad de Barcelona<\/li>\n\n\n\n<li>M\u00e1ster en valoraci\u00f3n del da\u00f1o corporal y medicina de seguros<\/li>\n\n\n\n<li>M\u00e1ster en valoraci\u00f3n m\u00e9dica de incapacidades laborales<\/li>\n\n\n\n<li>Especialista universitaria en medicina y traumatolog\u00eda legal y forense<\/li>\n\n\n\n<li>Especialista universitaria en medicina y traumatolog\u00eda del deporte<\/li>\n\n\n\n<li>Especialista universitaria en medicina del trabajo<\/li>\n\n\n\n<li>Experta en reconstrucci\u00f3n de accidentes de tr\u00e1fico (nivel superior)<\/li>\n<\/ul>\n<\/div>\n<\/div>\n\n\n\n<h2 class=\"wp-block-heading\">Pau Manent<\/h2>\n\n\n\n<div class=\"wp-block-columns is-layout-flex wp-container-core-columns-is-layout-9d6595d7 wp-block-columns-is-layout-flex\">\n<div class=\"wp-block-column is-layout-flow wp-block-column-is-layout-flow\" style=\"flex-basis:66.66%\">\n<p>El ingeniero Pau Manent es el responsable del \u00e1rea de ingenier\u00eda y periciales t\u00e9cnicas. Es un perito independiente colegiado en el colegio de ingenieros industriales de Catalunya (EIC). Sus titulaciones son:<\/p>\n\n\n\n<ul class=\"wp-block-list\">\n<li>Ingeniero aeron\u00e1utico por la Universidad Polit\u00e9cnica de Catalunya<\/li>\n\n\n\n<li>Especialista universitario en propulsi\u00f3n<\/li>\n\n\n\n<li>Especialista universitario en software de dise\u00f1o asistido por ordenador (CAD-CAE-CAM)<\/li>\n\n\n\n<li>Especialista universitario en simulaci\u00f3n por software<\/li>\n\n\n\n<li>Perito en tasaciones y peritaciones judiciales<\/li>\n\n\n\n<li>Perito en investigaci\u00f3n de accidentes de tr\u00e1nsito<\/li>\n<\/ul>\n<\/div>\n\n\n\n<div class=\"wp-block-column is-layout-flow wp-block-column-is-layout-flow\" style=\"flex-basis:33.33%\">\n<figure class=\"wp-block-image size-full is-resized\"><img loading=\"lazy\" decoding=\"async\" src=\"https:\/\/bistue.es\/wp-content\/uploads\/2023\/06\/PManent.jpg\" alt=\"\" class=\"wp-image-15\" width=\"309\" height=\"413\"\/><\/figure>\n<\/div>\n<\/div>\n","protected":false},"excerpt":{"rendered":"<p>Merc\u00e8 Bistu\u00e9 La doctora Mercedes Bistu\u00e9 es la responsable del \u00e1rea m\u00e9dico-legal. Es perito medico independiente, colegiada en el colegio oficial de m\u00e9dicos de Barcelona (COMB) con una experiencia de&hellip;<a href=\"https:\/\/bistue.es\/index.php\/quienes-somos\/\" class=\"more-link\"><span class=\"more-button\">Continue reading<span class=\"screen-reader-text\">Qui\u00e9nes somos<\/span><\/span><\/a><\/p>\n","protected":false},"author":1,"featured_media":0,"parent":0,"menu_order":0,"comment_status":"closed","ping_status":"closed","template":"","meta":{"footnotes":""},"class_list":["post-7","page","type-page","status-publish","hentry"],"_links":{"self":[{"href":"https:\/\/bistue.es\/index.php\/wp-json\/wp\/v2\/pages\/7","targetHints":{"allow":["GET"]}}],"collection":[{"href":"https:\/\/bistue.es\/index.php\/wp-json\/wp\/v2\/pages"}],"about":[{"href":"https:\/\/bistue.es\/index.php\/wp-json\/wp\/v2\/types\/page"}],"author":[{"embeddable":true,"href":"https:\/\/bistue.es\/index.php\/wp-json\/wp\/v2\/users\/1"}],"replies":[{"embeddable":true,"href":"https:\/\/bistue.es\/index.php\/wp-json\/wp\/v2\/comments?post=7"}],"version-history":[{"count":3,"href":"https:\/\/bistue.es\/index.php\/wp-json\/wp\/v2\/pages\/7\/revisions"}],"predecessor-version":[{"id":29,"href":"https:\/\/bistue.es\/index.php\/wp-json\/wp\/v2\/pages\/7\/revisions\/29"}],"wp:attachment":[{"href":"https:\/\/bistue.es\/index.php\/wp-json\/wp\/v2\/media?parent=7"}],"curies":[{"name":"wp","href":"https:\/\/api.w.org\/{rel}","templated":true}]}}